{"id":2109,"date":"2023-12-08T18:52:21","date_gmt":"2023-12-08T18:52:21","guid":{"rendered":"https:\/\/merlin-cherrier.com\/?page_id=2109"},"modified":"2025-12-15T10:21:44","modified_gmt":"2025-12-15T10:21:44","slug":"contact","status":"publish","type":"page","link":"https:\/\/merlin-cherrier.com\/index.php\/contact\/","title":{"rendered":"Contact"},"content":{"rendered":"\t\t<div data-elementor-type=\"wp-page\" data-elementor-id=\"2109\" class=\"elementor elementor-2109\">\n\t\t\t\t\t\t<section class=\"elementor-section elementor-top-section elementor-element elementor-element-f6c1577 elementor-section-boxed elementor-section-height-default elementor-section-height-default\" data-id=\"f6c1577\" data-element_type=\"section\">\n\t\t\t\t\t\t<div class=\"elementor-container elementor-column-gap-default\">\n\t\t\t\t\t<div class=\"elementor-column elementor-col-100 elementor-top-column elementor-element elementor-element-8ecc046\" data-id=\"8ecc046\" data-element_type=\"column\">\n\t\t\t<div class=\"elementor-widget-wrap elementor-element-populated\">\n\t\t\t\t\t\t<div class=\"elementor-element elementor-element-8160007 elementor-widget elementor-widget-heading\" data-id=\"8160007\" data-element_type=\"widget\" data-widget_type=\"heading.default\">\n\t\t\t\t<div class=\"elementor-widget-container\">\n\t\t\t\t\t<h2 class=\"elementor-heading-title elementor-size-large\">Laissez nous un message<\/h2>\t\t\t\t<\/div>\n\t\t\t\t<\/div>\n\t\t\t\t\t<\/div>\n\t\t<\/div>\n\t\t\t\t\t<\/div>\n\t\t<\/section>\n\t\t\t\t<section class=\"elementor-section elementor-top-section elementor-element elementor-element-3a3ceaa elementor-section-boxed elementor-section-height-default elementor-section-height-default\" data-id=\"3a3ceaa\" data-element_type=\"section\">\n\t\t\t\t\t\t<div class=\"elementor-container elementor-column-gap-default\">\n\t\t\t\t\t<div class=\"elementor-column elementor-col-100 elementor-top-column elementor-element elementor-element-facb7e9\" data-id=\"facb7e9\" data-element_type=\"column\">\n\t\t\t<div class=\"elementor-widget-wrap elementor-element-populated\">\n\t\t\t\t\t\t<div class=\"elementor-element elementor-element-d1d978b elementor-widget elementor-widget-formidable\" data-id=\"d1d978b\" data-element_type=\"widget\" data-widget_type=\"formidable.default\">\n\t\t\t\t<div class=\"elementor-widget-container\">\n\t\t\t\t\t<div class=\"frm_forms  with_frm_style frm_style_style-formidable\" id=\"frm_form_1_container\" >\n<form enctype=\"multipart\/form-data\" method=\"post\" class=\"frm-show-form \" id=\"form_contact-form\" >\n<div class=\"frm_form_fields \">\n<fieldset>\n<legend class=\"frm_screen_reader\">Contact Us<\/legend>\r\n\r\n<div class=\"frm_fields_container\">\n<input type=\"hidden\" name=\"frm_action\" value=\"create\" \/>\n<input type=\"hidden\" name=\"form_id\" value=\"1\" \/>\n<input type=\"hidden\" name=\"frm_hide_fields_1\" id=\"frm_hide_fields_1\" value=\"\" \/>\n<input type=\"hidden\" name=\"form_key\" value=\"contact-form\" \/>\n<input type=\"hidden\" name=\"item_meta[0]\" value=\"\" \/>\n<input type=\"hidden\" id=\"frm_submit_entry_1\" name=\"frm_submit_entry_1\" value=\"40f5156d98\" \/><input type=\"hidden\" name=\"_wp_http_referer\" value=\"\/index.php\/wp-json\/wp\/v2\/pages\/2109\" \/><div id=\"frm_field_1_container\" class=\"frm_form_field form-field  frm_required_field frm_top_container frm6 frm_first\">\r\n    <label for=\"field_qh4icy\" id=\"field_qh4icy_label\" class=\"frm_primary_label\">Nom\r\n        <span class=\"frm_required\" aria-hidden=\"true\">*<\/span>\r\n    <\/label>\r\n    <input type=\"text\" id=\"field_qh4icy\" name=\"item_meta[1]\" value=\"\"  data-reqmsg=\"Ce champ ne peut pas \u00eatre vide\" aria-required=\"true\" data-invmsg=\"Name est non valide\" aria-invalid=\"false\"  \/>\r\n    \r\n    \r\n<\/div>\n<div id=\"frm_field_10_container\" class=\"frm_form_field form-field  frm_required_field frm_top_container frm6\">\r\n    <label for=\"field_msm59\" id=\"field_msm59_label\" class=\"frm_primary_label\">Pr\u00e9nom\r\n        <span class=\"frm_required\" aria-hidden=\"true\">*<\/span>\r\n    <\/label>\r\n    <input type=\"text\" id=\"field_msm59\" name=\"item_meta[10]\" value=\"\"  data-reqmsg=\"Pr\u00e9nom ne peut pas \u00eatre vide.\" aria-required=\"true\" data-invmsg=\"texte est non valide\" aria-invalid=\"false\"  \/>\r\n    \r\n    \r\n<\/div>\n<div id=\"frm_field_7_container\" class=\"frm_form_field form-field  frm_top_container\">\r\n    <label for=\"field_i4qan\" id=\"field_i4qan_label\" class=\"frm_primary_label\">Soci\u00e9t\u00e9\r\n        <span class=\"frm_required\" aria-hidden=\"true\"><\/span>\r\n    <\/label>\r\n    <input type=\"text\" id=\"field_i4qan\" name=\"item_meta[7]\" value=\"\"  data-invmsg=\"texte est non valide\" aria-invalid=\"false\"  \/>\r\n    \r\n    \r\n<\/div>\n<div id=\"frm_field_3_container\" class=\"frm_form_field form-field  frm_required_field frm_top_container frm6 frm_first\">\r\n    <label for=\"field_29yf4d\" id=\"field_29yf4d_label\" class=\"frm_primary_label\">Email\r\n        <span class=\"frm_required\" aria-hidden=\"true\">*<\/span>\r\n    <\/label>\r\n    <input type=\"email\" id=\"field_29yf4d\" name=\"item_meta[3]\" value=\"\"  data-reqmsg=\"Ce champ ne peut pas \u00eatre vide\" aria-required=\"true\" data-invmsg=\"Please enter a valid email address\" aria-invalid=\"false\"  \/>\r\n    \r\n    \r\n<\/div>\n<div id=\"frm_field_8_container\" class=\"frm_form_field form-field  frm_required_field frm_top_container frm6\">\r\n    <label for=\"field_asyps\" id=\"field_asyps_label\" class=\"frm_primary_label\">T\u00e9l\u00e9phone\r\n        <span class=\"frm_required\" aria-hidden=\"true\">*<\/span>\r\n    <\/label>\r\n    <input type=\"tel\" id=\"field_asyps\" name=\"item_meta[8]\" value=\"\"  data-reqmsg=\"T\u00e9l\u00e9phone ne peut pas \u00eatre vide.\" aria-required=\"true\" data-invmsg=\"T\u00e9l\u00e9phone est non valide\" aria-invalid=\"false\" pattern=\"((\\+\\d{1,3}(-|.| )?\\(?\\d\\)?(-| |.)?\\d{1,5})|(\\(?\\d{2,6}\\)?))(-|.| )?(\\d{3,4})(-|.| )?(\\d{4})(( x| ext)\\d{1,5}){0,1}$\"  \/>\r\n    \r\n    \r\n<\/div>\n<div id=\"frm_field_4_container\" class=\"frm_form_field form-field  frm_required_field frm_top_container frm_full\">\r\n    <label for=\"field_e6lis6\" id=\"field_e6lis6_label\" class=\"frm_primary_label\">Sujet\r\n        <span class=\"frm_required\" aria-hidden=\"true\">*<\/span>\r\n    <\/label>\r\n    <input type=\"text\" id=\"field_e6lis6\" name=\"item_meta[4]\" value=\"\"  data-reqmsg=\"Ce champ ne peut pas \u00eatre vide\" aria-required=\"true\" data-invmsg=\"Subject est non valide\" aria-invalid=\"false\"  \/>\r\n    \r\n    \r\n<\/div>\n<div id=\"frm_field_5_container\" class=\"frm_form_field form-field  frm_required_field frm_top_container frm_full\">\r\n    <label for=\"field_9jv0r1\" id=\"field_9jv0r1_label\" class=\"frm_primary_label\">Message\r\n        <span class=\"frm_required\" aria-hidden=\"true\">*<\/span>\r\n    <\/label>\r\n    <textarea name=\"item_meta[5]\" id=\"field_9jv0r1\" rows=\"5\"  data-reqmsg=\"Ce champ ne peut pas \u00eatre vide\" aria-required=\"true\" data-invmsg=\"Message est non valide\" aria-invalid=\"false\"  ><\/textarea>\r\n    \r\n    \r\n<\/div>\n<div id=\"frm_field_14_container\" class=\"frm_form_field form-field  frm_none_container\">\n\t<label for=\"g-recaptcha-response\" id=\"field_58uzj_label\" class=\"frm_primary_label\">Captcha\n\t\t<span class=\"frm_required\" aria-hidden=\"true\"><\/span>\n\t<\/label>\n\t<div  id=\"field_58uzj\" class=\"frm-g-recaptcha\" data-sitekey=\"6LeyeSosAAAAAO2Wkcp1tEa0zpk2vPW-LnUnizml\" data-size=\"normal\" data-theme=\"light\"><\/div>\n\t\n\t\n<\/div>\n<div id=\"frm_field_11_container\" class=\"frm_form_field form-field \">\r\n\t<div class=\"frm_submit\">\r\n\r\n<button class=\"frm_button_submit\" type=\"submit\"  >Envoyer<\/button>\r\n\r\n\r\n<\/div>\r\n<\/div>\n\t<input type=\"hidden\" name=\"item_key\" value=\"\" \/>\n\t\t\t<div id=\"frm_field_23_container\">\n\t\t\t<label for=\"field_qj0fr\" >\n\t\t\t\tSi vous \u00eates un humain, ne remplissez pas ce champ.\t\t\t<\/label>\n\t\t\t<input  id=\"field_qj0fr\" type=\"text\" class=\"frm_form_field form-field frm_verify\" name=\"item_meta[23]\" value=\"\"  \/>\n\t\t<\/div>\n\t\t<input name=\"frm_state\" type=\"hidden\" value=\"h2Z36XIonuhns3VDwmLNZqLHTplL7\/It2r2FrTVP6GU=\" \/><\/div>\n<\/fieldset>\n<\/div>\n\n<\/form>\n<\/div>\n\t\t\t\t<\/div>\n\t\t\t\t<\/div>\n\t\t\t\t<div class=\"elementor-element elementor-element-df5d359 elementor-widget elementor-widget-image\" data-id=\"df5d359\" data-element_type=\"widget\" data-widget_type=\"image.default\">\n\t\t\t\t<div class=\"elementor-widget-container\">\n\t\t\t\t\t\t\t\t\t\t\t\t\t\t\t<img fetchpriority=\"high\" decoding=\"async\" width=\"768\" height=\"596\" src=\"https:\/\/merlin-cherrier.com\/wp-content\/uploads\/2025\/12\/Logo-Domaine-M_Plan-de-travail-1-768x596.png\" class=\"attachment-medium_large size-medium_large wp-image-2383\" alt=\"\" srcset=\"https:\/\/merlin-cherrier.com\/wp-content\/uploads\/2025\/12\/Logo-Domaine-M_Plan-de-travail-1-768x596.png 768w, https:\/\/merlin-cherrier.com\/wp-content\/uploads\/2025\/12\/Logo-Domaine-M_Plan-de-travail-1-300x233.png 300w, https:\/\/merlin-cherrier.com\/wp-content\/uploads\/2025\/12\/Logo-Domaine-M_Plan-de-travail-1-1024x794.png 1024w, https:\/\/merlin-cherrier.com\/wp-content\/uploads\/2025\/12\/Logo-Domaine-M_Plan-de-travail-1.png 1182w\" sizes=\"(max-width: 768px) 100vw, 768px\" \/>\t\t\t\t\t\t\t\t\t\t\t\t\t\t\t<\/div>\n\t\t\t\t<\/div>\n\t\t\t\t\t<\/div>\n\t\t<\/div>\n\t\t\t\t\t<\/div>\n\t\t<\/section>\n\t\t\t\t<section class=\"elementor-section elementor-top-section elementor-element elementor-element-a967ce0 elementor-section-boxed elementor-section-height-default elementor-section-height-default\" data-id=\"a967ce0\" data-element_type=\"section\">\n\t\t\t\t\t\t<div class=\"elementor-container elementor-column-gap-default\">\n\t\t\t\t\t<div class=\"elementor-column elementor-col-50 elementor-top-column elementor-element elementor-element-0fb2401\" data-id=\"0fb2401\" data-element_type=\"column\">\n\t\t\t<div class=\"elementor-widget-wrap elementor-element-populated\">\n\t\t\t\t\t\t<div class=\"elementor-element elementor-element-76ef07d elementor-widget elementor-widget-text-editor\" data-id=\"76ef07d\" data-element_type=\"widget\" data-widget_type=\"text-editor.default\">\n\t\t\t\t<div class=\"elementor-widget-container\">\n\t\t\t\t\t\t\t\t\t<p>Agathe Merlin &amp; Cl\u00e9ment Rigot<\/p>\n<p>SAS Thierry Merlin Cherrier<\/p>\n<p>43 rue Saint Vincent&nbsp; &#8211; 18300 BUE &#8211; FRANCE<\/p>\t\t\t\t\t\t\t\t<\/div>\n\t\t\t\t<\/div>\n\t\t\t\t\t<\/div>\n\t\t<\/div>\n\t\t\t\t<div class=\"elementor-column elementor-col-50 elementor-top-column elementor-element elementor-element-725ad70\" data-id=\"725ad70\" data-element_type=\"column\">\n\t\t\t<div class=\"elementor-widget-wrap elementor-element-populated\">\n\t\t\t\t\t\t<div class=\"elementor-element elementor-element-45f4243 elementor-widget elementor-widget-google_maps\" data-id=\"45f4243\" data-element_type=\"widget\" data-widget_type=\"google_maps.default\">\n\t\t\t\t<div class=\"elementor-widget-container\">\n\t\t\t\t\t\t\t<div class=\"elementor-custom-embed\">\n\t\t\t<iframe loading=\"lazy\"\n\t\t\t\t\tsrc=\"https:\/\/maps.google.com\/maps?q=thierry%20merlin%20cherrier&#038;t=m&#038;z=12&#038;output=embed&#038;iwloc=near\"\n\t\t\t\t\ttitle=\"thierry merlin cherrier\"\n\t\t\t\t\taria-label=\"thierry merlin cherrier\"\n\t\t\t><\/iframe>\n\t\t<\/div>\n\t\t\t\t\t\t<\/div>\n\t\t\t\t<\/div>\n\t\t\t\t\t<\/div>\n\t\t<\/div>\n\t\t\t\t\t<\/div>\n\t\t<\/section>\n\t\t\t\t<\/div>\n\t\t","protected":false},"excerpt":{"rendered":"<p>Laissez nous un message Contact Us Nom * Pr\u00e9nom * Soci\u00e9t\u00e9 Email * T\u00e9l\u00e9phone * Sujet * Message * Captcha Envoyer Si vous \u00eates un humain, ne remplissez pas ce champ. Agathe Merlin &amp; Cl\u00e9ment Rigot SAS Thierry Merlin Cherrier 43 rue Saint Vincent&nbsp; &#8211; 18300 BUE &#8211; FRANCE<\/p>\n","protected":false},"author":1,"featured_media":0,"parent":0,"menu_order":0,"comment_status":"closed","ping_status":"closed","template":"","meta":{"ocean_post_layout":"","ocean_both_sidebars_style":"","ocean_both_sidebars_content_width":0,"ocean_both_sidebars_sidebars_width":0,"ocean_sidebar":"","ocean_second_sidebar":"","ocean_disable_margins":"enable","ocean_add_body_class":"","ocean_shortcode_before_top_bar":"","ocean_shortcode_after_top_bar":"","ocean_shortcode_before_header":"","ocean_shortcode_after_header":"","ocean_has_shortcode":"","ocean_shortcode_after_title":"","ocean_shortcode_before_footer_widgets":"","ocean_shortcode_after_footer_widgets":"","ocean_shortcode_before_footer_bottom":"","ocean_shortcode_after_footer_bottom":"","ocean_display_top_bar":"default","ocean_display_header":"default","ocean_header_style":"","ocean_center_header_left_menu":"","ocean_custom_header_template":"","ocean_custom_logo":0,"ocean_custom_retina_logo":0,"ocean_custom_logo_max_width":0,"ocean_custom_logo_tablet_max_width":0,"ocean_custom_logo_mobile_max_width":0,"ocean_custom_logo_max_height":0,"ocean_custom_logo_tablet_max_height":0,"ocean_custom_logo_mobile_max_height":0,"ocean_header_custom_menu":"","ocean_menu_typo_font_family":"","ocean_menu_typo_font_subset":"","ocean_menu_typo_font_size":0,"ocean_menu_typo_font_size_tablet":0,"ocean_menu_typo_font_size_mobile":0,"ocean_menu_typo_font_size_unit":"px","ocean_menu_typo_font_weight":"","ocean_menu_typo_font_weight_tablet":"","ocean_menu_typo_font_weight_mobile":"","ocean_menu_typo_transform":"","ocean_menu_typo_transform_tablet":"","ocean_menu_typo_transform_mobile":"","ocean_menu_typo_line_height":0,"ocean_menu_typo_line_height_tablet":0,"ocean_menu_typo_line_height_mobile":0,"ocean_menu_typo_line_height_unit":"","ocean_menu_typo_spacing":0,"ocean_menu_typo_spacing_tablet":0,"ocean_menu_typo_spacing_mobile":0,"ocean_menu_typo_spacing_unit":"","ocean_menu_link_color":"","ocean_menu_link_color_hover":"","ocean_menu_link_color_active":"","ocean_menu_link_background":"","ocean_menu_link_hover_background":"","ocean_menu_link_active_background":"","ocean_menu_social_links_bg":"","ocean_menu_social_hover_links_bg":"","ocean_menu_social_links_color":"","ocean_menu_social_hover_links_color":"","ocean_disable_title":"on","ocean_disable_heading":"default","ocean_post_title":"","ocean_post_subheading":"","ocean_post_title_style":"","ocean_post_title_background_color":"","ocean_post_title_background":0,"ocean_post_title_bg_image_position":"","ocean_post_title_bg_image_attachment":"","ocean_post_title_bg_image_repeat":"","ocean_post_title_bg_image_size":"","ocean_post_title_height":0,"ocean_post_title_bg_overlay":0.5,"ocean_post_title_bg_overlay_color":"","ocean_disable_breadcrumbs":"default","ocean_breadcrumbs_color":"","ocean_breadcrumbs_separator_color":"","ocean_breadcrumbs_links_color":"","ocean_breadcrumbs_links_hover_color":"","ocean_display_footer_widgets":"default","ocean_display_footer_bottom":"default","ocean_custom_footer_template":"","footnotes":""},"class_list":["post-2109","page","type-page","status-publish","hentry","entry"],"yoast_head":"<!-- This site is optimized with the Yoast SEO plugin v26.5 - https:\/\/yoast.com\/wordpress\/plugins\/seo\/ -->\n<title>Domaine viticole familiale situ\u00e9 \u00e0 Bu\u00e9 en appellation Sancerre<\/title>\n<meta name=\"description\" content=\"Cliquez pour d\u00e9couvrir notre domaine de 13 hectares situ\u00e9 \u00e0 Bu\u00e9. Nous produisons diverses cuv\u00e9es AOC Sancerre en Sauvignon Blanc et Pinot noir\" \/>\n<meta name=\"robots\" content=\"index, follow, max-snippet:-1, max-image-preview:large, max-video-preview:-1\" \/>\n<link rel=\"canonical\" href=\"https:\/\/merlin-cherrier.com\/index.php\/contact\/\" \/>\n<meta property=\"og:locale\" content=\"fr_FR\" \/>\n<meta property=\"og:type\" content=\"article\" \/>\n<meta property=\"og:title\" content=\"Domaine viticole familiale situ\u00e9 \u00e0 Bu\u00e9 en appellation Sancerre\" \/>\n<meta property=\"og:description\" content=\"Cliquez pour d\u00e9couvrir notre domaine de 13 hectares situ\u00e9 \u00e0 Bu\u00e9. Nous produisons diverses cuv\u00e9es AOC Sancerre en Sauvignon Blanc et Pinot noir\" \/>\n<meta property=\"og:url\" content=\"https:\/\/merlin-cherrier.com\/index.php\/contact\/\" \/>\n<meta property=\"og:site_name\" content=\"Domaine Merlin Cherrier\" \/>\n<meta property=\"article:modified_time\" content=\"2025-12-15T10:21:44+00:00\" \/>\n<meta property=\"og:image\" content=\"http:\/\/merlin-cherrier.com\/wp-content\/uploads\/2025\/12\/Logo-Domaine-M_Plan-de-travail-1-768x596.png\" \/>\n<meta name=\"twitter:card\" content=\"summary_large_image\" \/>\n<meta name=\"twitter:label1\" content=\"Dur\u00e9e de lecture estim\u00e9e\" \/>\n\t<meta name=\"twitter:data1\" content=\"1 minute\" \/>\n<script type=\"application\/ld+json\" class=\"yoast-schema-graph\">{\"@context\":\"https:\/\/schema.org\",\"@graph\":[{\"@type\":\"WebPage\",\"@id\":\"https:\/\/merlin-cherrier.com\/index.php\/contact\/\",\"url\":\"https:\/\/merlin-cherrier.com\/index.php\/contact\/\",\"name\":\"Domaine viticole familiale situ\u00e9 \u00e0 Bu\u00e9 en appellation Sancerre\",\"isPartOf\":{\"@id\":\"https:\/\/merlin-cherrier.com\/#website\"},\"primaryImageOfPage\":{\"@id\":\"https:\/\/merlin-cherrier.com\/index.php\/contact\/#primaryimage\"},\"image\":{\"@id\":\"https:\/\/merlin-cherrier.com\/index.php\/contact\/#primaryimage\"},\"thumbnailUrl\":\"http:\/\/merlin-cherrier.com\/wp-content\/uploads\/2025\/12\/Logo-Domaine-M_Plan-de-travail-1-768x596.png\",\"datePublished\":\"2023-12-08T18:52:21+00:00\",\"dateModified\":\"2025-12-15T10:21:44+00:00\",\"description\":\"Cliquez pour d\u00e9couvrir notre domaine de 13 hectares situ\u00e9 \u00e0 Bu\u00e9. Nous produisons diverses cuv\u00e9es AOC Sancerre en Sauvignon Blanc et Pinot noir\",\"breadcrumb\":{\"@id\":\"https:\/\/merlin-cherrier.com\/index.php\/contact\/#breadcrumb\"},\"inLanguage\":\"fr-FR\",\"potentialAction\":[{\"@type\":\"ReadAction\",\"target\":[\"https:\/\/merlin-cherrier.com\/index.php\/contact\/\"]}]},{\"@type\":\"ImageObject\",\"inLanguage\":\"fr-FR\",\"@id\":\"https:\/\/merlin-cherrier.com\/index.php\/contact\/#primaryimage\",\"url\":\"https:\/\/merlin-cherrier.com\/wp-content\/uploads\/2025\/12\/Logo-Domaine-M_Plan-de-travail-1.png\",\"contentUrl\":\"https:\/\/merlin-cherrier.com\/wp-content\/uploads\/2025\/12\/Logo-Domaine-M_Plan-de-travail-1.png\",\"width\":1182,\"height\":917},{\"@type\":\"BreadcrumbList\",\"@id\":\"https:\/\/merlin-cherrier.com\/index.php\/contact\/#breadcrumb\",\"itemListElement\":[{\"@type\":\"ListItem\",\"position\":1,\"name\":\"Accueil\",\"item\":\"https:\/\/merlin-cherrier.com\/\"},{\"@type\":\"ListItem\",\"position\":2,\"name\":\"Contact\"}]},{\"@type\":\"WebSite\",\"@id\":\"https:\/\/merlin-cherrier.com\/#website\",\"url\":\"https:\/\/merlin-cherrier.com\/\",\"name\":\"Domaine Merlin Cherrier\",\"description\":\"Vins de Sancerre - Domaine familial \u00e0 Bu\u00e9\",\"publisher\":{\"@id\":\"https:\/\/merlin-cherrier.com\/#organization\"},\"potentialAction\":[{\"@type\":\"SearchAction\",\"target\":{\"@type\":\"EntryPoint\",\"urlTemplate\":\"https:\/\/merlin-cherrier.com\/?s={search_term_string}\"},\"query-input\":{\"@type\":\"PropertyValueSpecification\",\"valueRequired\":true,\"valueName\":\"search_term_string\"}}],\"inLanguage\":\"fr-FR\"},{\"@type\":\"Organization\",\"@id\":\"https:\/\/merlin-cherrier.com\/#organization\",\"name\":\"Domaine Merlin Cherrier\",\"url\":\"https:\/\/merlin-cherrier.com\/\",\"logo\":{\"@type\":\"ImageObject\",\"inLanguage\":\"fr-FR\",\"@id\":\"https:\/\/merlin-cherrier.com\/#\/schema\/logo\/image\/\",\"url\":\"https:\/\/merlin-cherrier.com\/wp-content\/uploads\/2023\/12\/Logo-M-png.png\",\"contentUrl\":\"https:\/\/merlin-cherrier.com\/wp-content\/uploads\/2023\/12\/Logo-M-png.png\",\"width\":1097,\"height\":965,\"caption\":\"Domaine Merlin Cherrier\"},\"image\":{\"@id\":\"https:\/\/merlin-cherrier.com\/#\/schema\/logo\/image\/\"}}]}<\/script>\n<!-- \/ Yoast SEO plugin. -->","yoast_head_json":{"title":"Domaine viticole familiale situ\u00e9 \u00e0 Bu\u00e9 en appellation Sancerre","description":"Cliquez pour d\u00e9couvrir notre domaine de 13 hectares situ\u00e9 \u00e0 Bu\u00e9. Nous produisons diverses cuv\u00e9es AOC Sancerre en Sauvignon Blanc et Pinot noir","robots":{"index":"index","follow":"follow","max-snippet":"max-snippet:-1","max-image-preview":"max-image-preview:large","max-video-preview":"max-video-preview:-1"},"canonical":"https:\/\/merlin-cherrier.com\/index.php\/contact\/","og_locale":"fr_FR","og_type":"article","og_title":"Domaine viticole familiale situ\u00e9 \u00e0 Bu\u00e9 en appellation Sancerre","og_description":"Cliquez pour d\u00e9couvrir notre domaine de 13 hectares situ\u00e9 \u00e0 Bu\u00e9. Nous produisons diverses cuv\u00e9es AOC Sancerre en Sauvignon Blanc et Pinot noir","og_url":"https:\/\/merlin-cherrier.com\/index.php\/contact\/","og_site_name":"Domaine Merlin Cherrier","article_modified_time":"2025-12-15T10:21:44+00:00","og_image":[{"url":"http:\/\/merlin-cherrier.com\/wp-content\/uploads\/2025\/12\/Logo-Domaine-M_Plan-de-travail-1-768x596.png","type":"","width":"","height":""}],"twitter_card":"summary_large_image","twitter_misc":{"Dur\u00e9e de lecture estim\u00e9e":"1 minute"},"schema":{"@context":"https:\/\/schema.org","@graph":[{"@type":"WebPage","@id":"https:\/\/merlin-cherrier.com\/index.php\/contact\/","url":"https:\/\/merlin-cherrier.com\/index.php\/contact\/","name":"Domaine viticole familiale situ\u00e9 \u00e0 Bu\u00e9 en appellation Sancerre","isPartOf":{"@id":"https:\/\/merlin-cherrier.com\/#website"},"primaryImageOfPage":{"@id":"https:\/\/merlin-cherrier.com\/index.php\/contact\/#primaryimage"},"image":{"@id":"https:\/\/merlin-cherrier.com\/index.php\/contact\/#primaryimage"},"thumbnailUrl":"http:\/\/merlin-cherrier.com\/wp-content\/uploads\/2025\/12\/Logo-Domaine-M_Plan-de-travail-1-768x596.png","datePublished":"2023-12-08T18:52:21+00:00","dateModified":"2025-12-15T10:21:44+00:00","description":"Cliquez pour d\u00e9couvrir notre domaine de 13 hectares situ\u00e9 \u00e0 Bu\u00e9. Nous produisons diverses cuv\u00e9es AOC Sancerre en Sauvignon Blanc et Pinot noir","breadcrumb":{"@id":"https:\/\/merlin-cherrier.com\/index.php\/contact\/#breadcrumb"},"inLanguage":"fr-FR","potentialAction":[{"@type":"ReadAction","target":["https:\/\/merlin-cherrier.com\/index.php\/contact\/"]}]},{"@type":"ImageObject","inLanguage":"fr-FR","@id":"https:\/\/merlin-cherrier.com\/index.php\/contact\/#primaryimage","url":"https:\/\/merlin-cherrier.com\/wp-content\/uploads\/2025\/12\/Logo-Domaine-M_Plan-de-travail-1.png","contentUrl":"https:\/\/merlin-cherrier.com\/wp-content\/uploads\/2025\/12\/Logo-Domaine-M_Plan-de-travail-1.png","width":1182,"height":917},{"@type":"BreadcrumbList","@id":"https:\/\/merlin-cherrier.com\/index.php\/contact\/#breadcrumb","itemListElement":[{"@type":"ListItem","position":1,"name":"Accueil","item":"https:\/\/merlin-cherrier.com\/"},{"@type":"ListItem","position":2,"name":"Contact"}]},{"@type":"WebSite","@id":"https:\/\/merlin-cherrier.com\/#website","url":"https:\/\/merlin-cherrier.com\/","name":"Domaine Merlin Cherrier","description":"Vins de Sancerre - Domaine familial \u00e0 Bu\u00e9","publisher":{"@id":"https:\/\/merlin-cherrier.com\/#organization"},"potentialAction":[{"@type":"SearchAction","target":{"@type":"EntryPoint","urlTemplate":"https:\/\/merlin-cherrier.com\/?s={search_term_string}"},"query-input":{"@type":"PropertyValueSpecification","valueRequired":true,"valueName":"search_term_string"}}],"inLanguage":"fr-FR"},{"@type":"Organization","@id":"https:\/\/merlin-cherrier.com\/#organization","name":"Domaine Merlin Cherrier","url":"https:\/\/merlin-cherrier.com\/","logo":{"@type":"ImageObject","inLanguage":"fr-FR","@id":"https:\/\/merlin-cherrier.com\/#\/schema\/logo\/image\/","url":"https:\/\/merlin-cherrier.com\/wp-content\/uploads\/2023\/12\/Logo-M-png.png","contentUrl":"https:\/\/merlin-cherrier.com\/wp-content\/uploads\/2023\/12\/Logo-M-png.png","width":1097,"height":965,"caption":"Domaine Merlin Cherrier"},"image":{"@id":"https:\/\/merlin-cherrier.com\/#\/schema\/logo\/image\/"}}]}},"_links":{"self":[{"href":"https:\/\/merlin-cherrier.com\/index.php\/wp-json\/wp\/v2\/pages\/2109","targetHints":{"allow":["GET"]}}],"collection":[{"href":"https:\/\/merlin-cherrier.com\/index.php\/wp-json\/wp\/v2\/pages"}],"about":[{"href":"https:\/\/merlin-cherrier.com\/index.php\/wp-json\/wp\/v2\/types\/page"}],"author":[{"embeddable":true,"href":"https:\/\/merlin-cherrier.com\/index.php\/wp-json\/wp\/v2\/users\/1"}],"replies":[{"embeddable":true,"href":"https:\/\/merlin-cherrier.com\/index.php\/wp-json\/wp\/v2\/comments?post=2109"}],"version-history":[{"count":18,"href":"https:\/\/merlin-cherrier.com\/index.php\/wp-json\/wp\/v2\/pages\/2109\/revisions"}],"predecessor-version":[{"id":2389,"href":"https:\/\/merlin-cherrier.com\/index.php\/wp-json\/wp\/v2\/pages\/2109\/revisions\/2389"}],"wp:attachment":[{"href":"https:\/\/merlin-cherrier.com\/index.php\/wp-json\/wp\/v2\/media?parent=2109"}],"curies":[{"name":"wp","href":"https:\/\/api.w.org\/{rel}","templated":true}]}}